{"id":9,"date":"2015-07-02T10:37:28","date_gmt":"2015-07-02T07:37:28","guid":{"rendered":"http:\/\/www.zythomir.dk\/?page_id=9"},"modified":"2026-04-29T16:12:39","modified_gmt":"2026-04-29T13:12:39","slug":"selskabet","status":"publish","type":"page","link":"https:\/\/www.zythomir.dk\/index.php\/selskabet\/","title":{"rendered":"Selskabet"},"content":{"rendered":"<h1 style=\"text-align: center;\">Bestyrelsen i Zythomir Holding A\/S best\u00e5r af:<\/h1>\n<p>Henrik Hilligs\u00f8e Munk, formand.<\/p>\n<p>Mail: <a href=\"mailto:hmunk24@gmail.com\">hmunk24@gmail.com<\/a><\/p>\n<p>Mobil: +4520101322<\/p>\n<p>Anders Gundersen, direkt\u00f8r.<\/p>\n<p>Mail: <a href=\"mailto:anders@gundersen.com\">anders@gundersen.com<\/a><\/p>\n<p>Mobil: +4521442827<\/p>\n<p>Gustav Jessen<\/p>\n<p>Mail: <a href=\"mailto:jessen.g@slffarmer.dk\">jessen.g@slffarmer.dk<\/a><\/p>\n<p>Mobil: +4551740374<\/p>\n<p>Kurt Tollerup Nielsen<\/p>\n<p>Mail: <a href=\"kurttollerup@gmail.com\">kurttollerup@gmail.com<\/a><\/p>\n<p>Mobil: +4520132992<\/p>\n<p>Jens Foged Overg\u00e5rd<\/p>\n<p>Mail: <a href=\"mailto:jfo1968@hotmail.com\">jfo1968@hotmail.com<\/a><\/p>\n<p>Mobil: +4524433324<\/p>\n<p>S\u00f8ren Hansen<\/p>\n<p>Mail: <a href=\"mailto:palo@sol.dk\">palo@sol.dk<\/a><\/p>\n<p>Mobil: +4526301421<\/p>\n<p>&#8212;&#8212;&#8212;&#8212;&#8212;&#8212;&#8212;&#8212;&#8212;&#8212;<\/p>\n<p><strong>Halychyna Zahid LLC<\/strong><\/p>\n<p>100% ejet af Zythomir Holding A\/S<\/p>\n<p>Supervisory Board<\/p>\n<p>Anders Gundersen,\u00a0Formand<\/p>\n<p>Henrik Hilligs\u00f8e Munk<\/p>\n<p>Gustav Jessen<\/p>\n","protected":false},"excerpt":{"rendered":"<p>Bestyrelsen i Zythomir Holding A\/S best\u00e5r af: Henrik Hilligs\u00f8e Munk, formand. Mail: hmunk24@gmail.com Mobil: +4520101322 Anders Gundersen, direkt\u00f8r. Mail: anders@gundersen.com Mobil: +4521442827 Gustav Jessen Mail: jessen.g@slffarmer.dk Mobil: +4551740374 Kurt Tollerup Nielsen Mail: kurttollerup@gmail.com Mobil: +4520132992 Jens Foged Overg\u00e5rd Mail: jfo1968@hotmail.com Mobil: +4524433324 S\u00f8ren Hansen Mail: palo@sol.dk Mobil: +4526301421 &#8212;&#8212;&#8212;&#8212;&#8212;&#8212;&#8212;&#8212;&#8212;&#8212; Halychyna Zahid LLC 100% ejet af [&hellip;]<\/p>\n","protected":false},"author":1,"featured_media":0,"parent":0,"menu_order":6,"comment_status":"open","ping_status":"open","template":"","meta":[],"_links":{"self":[{"href":"https:\/\/www.zythomir.dk\/index.php\/wp-json\/wp\/v2\/pages\/9"}],"collection":[{"href":"https:\/\/www.zythomir.dk\/index.php\/wp-json\/wp\/v2\/pages"}],"about":[{"href":"https:\/\/www.zythomir.dk\/index.php\/wp-json\/wp\/v2\/types\/page"}],"author":[{"embeddable":true,"href":"https:\/\/www.zythomir.dk\/index.php\/wp-json\/wp\/v2\/users\/1"}],"replies":[{"embeddable":true,"href":"https:\/\/www.zythomir.dk\/index.php\/wp-json\/wp\/v2\/comments?post=9"}],"version-history":[{"count":11,"href":"https:\/\/www.zythomir.dk\/index.php\/wp-json\/wp\/v2\/pages\/9\/revisions"}],"predecessor-version":[{"id":316,"href":"https:\/\/www.zythomir.dk\/index.php\/wp-json\/wp\/v2\/pages\/9\/revisions\/316"}],"wp:attachment":[{"href":"https:\/\/www.zythomir.dk\/index.php\/wp-json\/wp\/v2\/media?parent=9"}],"curies":[{"name":"wp","href":"https:\/\/api.w.org\/{rel}","templated":true}]}}