{"id":74,"date":"2015-07-07T13:26:04","date_gmt":"2015-07-07T10:26:04","guid":{"rendered":"http:\/\/www.zythomir.dk\/?page_id=74"},"modified":"2023-06-05T15:14:07","modified_gmt":"2023-06-05T12:14:07","slug":"videos","status":"publish","type":"page","link":"https:\/\/www.zythomir.dk\/index.php\/videos\/","title":{"rendered":"Videos"},"content":{"rendered":"<h3><strong>Video&#8217;er og billeder<\/strong><\/h3>\n<p>\u00a0<\/p>\n<table style=\"height: 240px; width: 100%;\" width=\"935\">\n<tbody>\n<tr style=\"height: 48px;\">\n<td style=\"height: 48px;\">\u00a0<a href=\"https:\/\/www.zythomir.dk\/wp-content\/uploads\/2022\/06\/HZ-May-2022.mp4\">Farmen maj 2022<\/a><\/td>\n<td style=\"height: 48px;\">\u00a0<a href=\"https:\/\/www.zythomir.dk\/wp-content\/uploads\/2018\/07\/HZ-Family-Day-July-2018.pdf\">Family Day 2018<\/a><\/td>\n<td style=\"height: 48px;\"><a href=\"https:\/\/www.zythomir.dk\/wp-content\/uploads\/2015\/07\/ZH-Anniversary-20160708.xps\">Fotos fra receptionen 8 juli 2016<\/a><\/td>\n<td style=\"height: 48px;\"><a href=\"https:\/\/www.zythomir.dk\/wp-content\/uploads\/2015\/07\/HZ-20150508_low.mp4\">Farmen 2015<\/a><\/td>\n<\/tr>\n<tr style=\"height: 48px;\">\n<td style=\"height: 48px;\">\u00a0<\/td>\n<td style=\"height: 48px;\">\u00a0<a href=\"https:\/\/www.zythomir.dk\/wp-content\/uploads\/2018\/07\/HarvestJul18.mp4\">H\u00f8st 2018<\/a><\/td>\n<td style=\"height: 48px;\"><a href=\"https:\/\/www.zythomir.dk\/wp-content\/uploads\/2016\/09\/8-combiners-in-1105.mp4\">Hvedeh\u00f8st 2016<\/a><\/td>\n<td style=\"height: 48px;\"><a href=\"https:\/\/www.zythomir.dk\/wp-content\/uploads\/2015\/10\/Photos-Oct-2015.pdf\">Aktion\u00e6rbes\u00f8g oktober 2015<\/a><\/td>\n<\/tr>\n<tr style=\"height: 24px;\">\n<td style=\"height: 24px;\">\u00a0<a href=\"https:\/\/www.zythomir.dk\/wp-content\/uploads\/2015\/07\/Harvest-2021.mp4\">Byg h\u00f8st 2021<\/a><\/td>\n<td style=\"height: 24px;\">\u00a0<a href=\"https:\/\/www.zythomir.dk\/wp-content\/uploads\/2018\/07\/Rape-harvest-2018.1.mp4\">Raps h\u00f8st 2018<\/a><\/td>\n<td style=\"height: 24px;\"><a href=\"https:\/\/www.zythomir.dk\/wp-content\/uploads\/2018\/03\/hw.pdf\">Silo project<\/a><\/td>\n<td style=\"height: 24px;\">\u00a0<\/td>\n<\/tr>\n<tr style=\"height: 48px;\">\n<td style=\"height: 48px;\">\u00a0<\/td>\n<td style=\"height: 48px;\">\u00a0<a href=\"https:\/\/www.zythomir.dk\/wp-content\/uploads\/2018\/11\/Sugar-beet-2018-comp..mp4\">Sukkerroe h\u00f8st 2018<\/a><\/td>\n<td style=\"height: 48px;\">\u00a0<\/td>\n<td style=\"height: 48px;\"><a href=\"https:\/\/www.zythomir.dk\/wp-content\/uploads\/2015\/07\/My-Movie.mp4\">Hvede og majs mark juli 2015<\/a><\/td>\n<\/tr>\n<tr style=\"height: 48px;\">\n<td style=\"height: 48px;\">\u00a0<\/td>\n<td style=\"height: 48px;\"><a href=\"https:\/\/www.zythomir.dk\/wp-content\/uploads\/2018\/11\/Loading-od-sugar-beets-comp..mp4\">\u00a0L\u00e6sning af sukker roer 2018<\/a><\/td>\n<td style=\"height: 48px;\"><a href=\"https:\/\/www.zythomir.dk\/wp-content\/uploads\/2017\/09\/Wheat_harvest_2017_3.mp4\">H\u00f8sten 2017<\/a><\/td>\n<td style=\"height: 48px;\"><a href=\"https:\/\/www.zythomir.dk\/wp-content\/uploads\/2015\/07\/22My-Movie.mp4\">Gyllespredning 2015<\/a><\/td>\n<\/tr>\n<tr style=\"height: 24px;\">\n<td style=\"height: 24px;\">\u00a0<\/td>\n<td style=\"height: 24px;\">\u00a0<\/td>\n<td style=\"height: 24px;\">\u00a0<\/td>\n<td style=\"height: 24px;\"><a href=\"http:\/\/www.zythomir.dk\/wp-content\/uploads\/2022\/06\/Harvest2015video1.png\" data-wplink-edit=\"true\">Hvedeh\u00f8st 2015<\/a><\/td>\n<\/tr>\n<\/tbody>\n<\/table>\n<p>\u00a0<\/p>\n\n","protected":false},"excerpt":{"rendered":"<p>Video&#8217;er og billeder \u00a0 \u00a0Farmen maj 2022 \u00a0Family Day 2018 Fotos fra receptionen 8 juli 2016 Farmen 2015 \u00a0 \u00a0H\u00f8st 2018 Hvedeh\u00f8st 2016 Aktion\u00e6rbes\u00f8g oktober 2015 \u00a0Byg h\u00f8st 2021 \u00a0Raps h\u00f8st 2018 Silo project \u00a0 \u00a0 \u00a0Sukkerroe h\u00f8st 2018 \u00a0 Hvede og majs mark juli 2015 \u00a0 \u00a0L\u00e6sning af sukker roer 2018 H\u00f8sten 2017 Gyllespredning [&hellip;]<\/p>\n","protected":false},"author":1,"featured_media":0,"parent":0,"menu_order":8,"comment_status":"open","ping_status":"open","template":"","meta":[],"_links":{"self":[{"href":"https:\/\/www.zythomir.dk\/index.php\/wp-json\/wp\/v2\/pages\/74"}],"collection":[{"href":"https:\/\/www.zythomir.dk\/index.php\/wp-json\/wp\/v2\/pages"}],"about":[{"href":"https:\/\/www.zythomir.dk\/index.php\/wp-json\/wp\/v2\/types\/page"}],"author":[{"embeddable":true,"href":"https:\/\/www.zythomir.dk\/index.php\/wp-json\/wp\/v2\/users\/1"}],"replies":[{"embeddable":true,"href":"https:\/\/www.zythomir.dk\/index.php\/wp-json\/wp\/v2\/comments?post=74"}],"version-history":[{"count":34,"href":"https:\/\/www.zythomir.dk\/index.php\/wp-json\/wp\/v2\/pages\/74\/revisions"}],"predecessor-version":[{"id":268,"href":"https:\/\/www.zythomir.dk\/index.php\/wp-json\/wp\/v2\/pages\/74\/revisions\/268"}],"wp:attachment":[{"href":"https:\/\/www.zythomir.dk\/index.php\/wp-json\/wp\/v2\/media?parent=74"}],"curies":[{"name":"wp","href":"https:\/\/api.w.org\/{rel}","templated":true}]}}